{"id":504,"date":"2026-03-27T14:51:42","date_gmt":"2026-03-27T14:51:42","guid":{"rendered":"https:\/\/skeniraj.com\/?page_id=504"},"modified":"2026-04-05T18:52:44","modified_gmt":"2026-04-05T18:52:44","slug":"aplikacije","status":"publish","type":"page","link":"https:\/\/skeniraj.com\/en\/aplikacije\/","title":{"rendered":"Applications"},"content":{"rendered":"<style>.kb-row-layout-id504_a4a2d9-65 > .kt-row-column-wrap{align-content:start;}:where(.kb-row-layout-id504_a4a2d9-65 > .kt-row-column-wrap) > .wp-block-kadence-column{justify-content:start;}.kb-row-layout-id504_a4a2d9-65 > .kt-row-column-wrap{column-gap:var(--global-kb-gap-md, 2rem);row-gap:var(--global-kb-gap-md, 2rem);max-width:var( --global-content-width, 1290px );padding-left:var(--global-content-edge-padding);padding-right:var(--global-content-edge-padding);padding-top:var(--global-kb-spacing-xxl, 5rem);padding-bottom:var(--global-kb-spacing-xxl, 5rem);grid-template-columns:minmax(0, 1fr);}.kb-row-layout-id504_a4a2d9-65{background-image:url('https:\/\/skeniraj.com\/wp-content\/uploads\/2026\/04\/Example-Background-Image.jpg');background-size:cover;background-position:center center;background-attachment:scroll;background-repeat:no-repeat;}.kb-row-layout-id504_a4a2d9-65 > .kt-row-layout-overlay{opacity:0.90;background-color:var(--global-palette9, #ffffff);}@media all and (max-width: 1024px){.kb-row-layout-id504_a4a2d9-65 > .kt-row-column-wrap{grid-template-columns:minmax(0, 1fr);}}@media all and (max-width: 767px){.kb-row-layout-id504_a4a2d9-65 > .kt-row-column-wrap{grid-template-columns:minmax(0, 1fr);}}<\/style><div class=\"kb-row-layout-wrap kb-row-layout-id504_a4a2d9-65 alignfull has-theme-palette9-background-color kt-row-has-bg wp-block-kadence-rowlayout\"><div class=\"kt-row-layout-overlay kt-row-overlay-normal\"><\/div><div class=\"kt-row-column-wrap kt-has-1-columns kt-row-layout-equal kt-tab-layout-inherit kt-mobile-layout-row kt-row-valign-top kb-theme-content-width\">\n<style>.kadence-column504_e34dfe-96 > .kt-inside-inner-col,.kadence-column504_e34dfe-96 > .kt-inside-inner-col:before{border-top-left-radius:0px;border-top-right-radius:0px;border-bottom-right-radius:0px;border-bottom-left-radius:0px;}.kadence-column504_e34dfe-96 > .kt-inside-inner-col{column-gap:var(--global-kb-gap-sm, 1rem);}.kadence-column504_e34dfe-96 > .kt-inside-inner-col{flex-direction:column;}.kadence-column504_e34dfe-96 > .kt-inside-inner-col > .aligncenter{width:100%;}.kadence-column504_e34dfe-96 > .kt-inside-inner-col:before{opacity:0.3;}.kadence-column504_e34dfe-96{position:relative;}@media all and (max-width: 1024px){.kadence-column504_e34dfe-96 > .kt-inside-inner-col{flex-direction:column;justify-content:center;}}@media all and (max-width: 767px){.kadence-column504_e34dfe-96 > .kt-inside-inner-col{flex-direction:column;justify-content:center;}}<\/style>\n<div class=\"wp-block-kadence-column kadence-column504_e34dfe-96\"><div class=\"kt-inside-inner-col\"><style>.wp-block-kadence-advancedheading.kt-adv-heading504_acd50d-7f, .wp-block-kadence-advancedheading.kt-adv-heading504_acd50d-7f[data-kb-block=\"kb-adv-heading504_acd50d-7f\"]{margin-bottom:var(--global-kb-spacing-sm, 1.5rem);text-align:center;line-height:1em;font-weight:400;font-style:normal;text-transform:uppercase;letter-spacing:1px;}.wp-block-kadence-advancedheading.kt-adv-heading504_acd50d-7f mark.kt-highlight, .wp-block-kadence-advancedheading.kt-adv-heading504_acd50d-7f[data-kb-block=\"kb-adv-heading504_acd50d-7f\"] mark.kt-highlight{font-style:normal;color:#f76a0c;-webkit-box-decoration-break:clone;box-decoration-break:clone;padding-top:0px;padding-right:0px;padding-bottom:0px;padding-left:0px;}.wp-block-kadence-advancedheading.kt-adv-heading504_acd50d-7f img.kb-inline-image, .wp-block-kadence-advancedheading.kt-adv-heading504_acd50d-7f[data-kb-block=\"kb-adv-heading504_acd50d-7f\"] img.kb-inline-image{width:150px;vertical-align:baseline;}<\/style>\n<h6 class=\"kt-adv-heading504_acd50d-7f wp-block-kadence-advancedheading has-theme-palette-2-color has-text-color\" data-kb-block=\"kb-adv-heading504_acd50d-7f\">Optimizujte poslovanje<\/h6>\n\n\n<style>.wp-block-kadence-advancedheading.kt-adv-heading504_050609-34, .wp-block-kadence-advancedheading.kt-adv-heading504_050609-34[data-kb-block=\"kb-adv-heading504_050609-34\"]{max-width:600px;margin-right:auto;margin-left:auto;margin-top:var(--global-kb-spacing-xs, 1rem);margin-bottom:var(--global-kb-spacing-sm, 1.5rem);text-align:center;font-size:30px;line-height:1.2;font-style:normal;}.wp-block-kadence-advancedheading.kt-adv-heading504_050609-34 mark.kt-highlight, .wp-block-kadence-advancedheading.kt-adv-heading504_050609-34[data-kb-block=\"kb-adv-heading504_050609-34\"] mark.kt-highlight{font-style:normal;color:#f76a0c;-webkit-box-decoration-break:clone;box-decoration-break:clone;padding-top:0px;padding-right:0px;padding-bottom:0px;padding-left:0px;}.wp-block-kadence-advancedheading.kt-adv-heading504_050609-34 img.kb-inline-image, .wp-block-kadence-advancedheading.kt-adv-heading504_050609-34[data-kb-block=\"kb-adv-heading504_050609-34\"] img.kb-inline-image{width:150px;vertical-align:baseline;}<\/style>\n<h2 class=\"kt-adv-heading504_050609-34 wp-block-kadence-advancedheading has-theme-palette-3-color has-text-color\" data-kb-block=\"kb-adv-heading504_050609-34\">Sa na\u0161im proizvodima zna\u010dajno ubrzavate i pojednostavljujete svakodnevne rutine<\/h2>\n\n\n<style>.wp-block-kadence-advancedheading.kt-adv-heading504_bd2d94-4e, .wp-block-kadence-advancedheading.kt-adv-heading504_bd2d94-4e[data-kb-block=\"kb-adv-heading504_bd2d94-4e\"]{max-width:600px;margin-right:auto;margin-left:auto;text-align:center;font-style:normal;}.wp-block-kadence-advancedheading.kt-adv-heading504_bd2d94-4e mark.kt-highlight, .wp-block-kadence-advancedheading.kt-adv-heading504_bd2d94-4e[data-kb-block=\"kb-adv-heading504_bd2d94-4e\"] mark.kt-highlight{font-style:normal;color:#f76a0c;-webkit-box-decoration-break:clone;box-decoration-break:clone;padding-top:0px;padding-right:0px;padding-bottom:0px;padding-left:0px;}.wp-block-kadence-advancedheading.kt-adv-heading504_bd2d94-4e img.kb-inline-image, .wp-block-kadence-advancedheading.kt-adv-heading504_bd2d94-4e[data-kb-block=\"kb-adv-heading504_bd2d94-4e\"] img.kb-inline-image{width:150px;vertical-align:baseline;}<\/style>\n<p class=\"kt-adv-heading504_bd2d94-4e wp-block-kadence-advancedheading has-theme-palette-3-color has-text-color\" data-kb-block=\"kb-adv-heading504_bd2d94-4e\">Kori\u0161\u0107enje na\u0161ih aplikacija je jednostavno i intuitivno.<\/p>\n\n\n<style>.kb-row-layout-id504_4c3652-51 > .kt-row-column-wrap{align-content:start;}:where(.kb-row-layout-id504_4c3652-51 > .kt-row-column-wrap) > .wp-block-kadence-column{justify-content:start;}.kb-row-layout-id504_4c3652-51 > .kt-row-column-wrap{column-gap:var(--global-kb-gap-md, 2rem);row-gap:var(--global-kb-gap-md, 2rem);padding-top:var(--global-kb-spacing-sm, 1.5rem);padding-bottom:var(--global-kb-spacing-md, 2rem);}.kb-row-layout-id504_4c3652-51 > .kt-row-column-wrap > div:not(.added-for-specificity){grid-column:initial;}.kb-row-layout-id504_4c3652-51 > .kt-row-column-wrap{grid-template-columns:repeat(3, minmax(0, 1fr));}.kb-row-layout-id504_4c3652-51 > .kt-row-layout-overlay{opacity:0.30;}@media all and (max-width: 1024px){.kb-row-layout-id504_4c3652-51 > .kt-row-column-wrap > div:not(.added-for-specificity){grid-column:initial;}}@media all and (max-width: 1024px){.kb-row-layout-id504_4c3652-51 > .kt-row-column-wrap{grid-template-columns:repeat(3, minmax(0, 1fr));}}@media all and (max-width: 767px){.kb-row-layout-id504_4c3652-51 > .kt-row-column-wrap > div:not(.added-for-specificity){grid-column:initial;}.kb-row-layout-id504_4c3652-51 > .kt-row-column-wrap{grid-template-columns:minmax(0, 1fr);}}<\/style><div class=\"kb-row-layout-wrap kb-row-layout-id504_4c3652-51 alignnone wp-block-kadence-rowlayout\"><div class=\"kt-row-column-wrap kt-has-3-columns kt-row-layout-equal kt-tab-layout-inherit kt-mobile-layout-row kt-row-valign-top\">\n<style>.kadence-column504_26aab4-2c > .kt-inside-inner-col,.kadence-column504_26aab4-2c > .kt-inside-inner-col:before{border-top-left-radius:0px;border-top-right-radius:0px;border-bottom-right-radius:0px;border-bottom-left-radius:0px;}.kadence-column504_26aab4-2c > .kt-inside-inner-col{column-gap:var(--global-kb-gap-sm, 1rem);}.kadence-column504_26aab4-2c > .kt-inside-inner-col{flex-direction:column;}.kadence-column504_26aab4-2c > .kt-inside-inner-col > .aligncenter{width:100%;}.kadence-column504_26aab4-2c > .kt-inside-inner-col:before{opacity:0.3;}.kadence-column504_26aab4-2c{position:relative;}@media all and (max-width: 1024px){.kadence-column504_26aab4-2c > .kt-inside-inner-col{flex-direction:column;justify-content:center;}}@media all and (max-width: 767px){.kadence-column504_26aab4-2c > .kt-inside-inner-col{flex-direction:column;justify-content:center;}}<\/style>\n<div class=\"wp-block-kadence-column kadence-column504_26aab4-2c\"><div class=\"kt-inside-inner-col\"><style>.wp-block-kadence-column.kb-section-dir-horizontal > .kt-inside-inner-col > .kt-info-box504_d682ac-fd .kt-blocks-info-box-link-wrap{max-width:unset;}.kt-info-box504_d682ac-fd .kt-blocks-info-box-link-wrap{border-top:0px solid transparent;border-right:0px solid transparent;border-bottom:0px solid transparent;border-left:0px solid transparent;border-top-left-radius:12px;border-top-right-radius:12px;border-bottom-right-radius:12px;border-bottom-left-radius:12px;background:var(--global-palette3, #1A202C);padding-top:var(--global-kb-spacing-sm, 1.5rem);padding-right:var(--global-kb-spacing-sm, 1.5rem);padding-bottom:var(--global-kb-spacing-sm, 1.5rem);padding-left:var(--global-kb-spacing-sm, 1.5rem);}.kt-info-box504_d682ac-fd .kt-blocks-info-box-link-wrap:hover{border-top:0px solid transparent;border-right:0px solid transparent;border-bottom:0px solid transparent;border-left:0px solid transparent;background:var(--global-palette3, #1A202C);}.kt-info-box504_d682ac-fd .kadence-info-box-icon-container .kt-info-svg-icon, .kt-info-box504_d682ac-fd .kt-info-svg-icon-flip, .kt-info-box504_d682ac-fd .kt-blocks-info-box-number{font-size:25px;}.kt-info-box504_d682ac-fd .kt-blocks-info-box-media{color:var(--global-palette3, #1A202C);background:var(--global-palette1, #3182CE);border-radius:7px;overflow:hidden;border-top-width:0px;border-right-width:0px;border-bottom-width:0px;border-left-width:0px;padding-top:16px;padding-right:16px;padding-bottom:16px;padding-left:16px;margin-top:0px;margin-right:20px;margin-bottom:0px;margin-left:0px;}.kt-info-box504_d682ac-fd .kt-blocks-info-box-media .kadence-info-box-image-intrisic img{border-radius:7px;}.kt-info-box504_d682ac-fd .kt-blocks-info-box-link-wrap:hover .kt-blocks-info-box-media{color:var(--global-palette3, #1A202C);background:var(--global-palette1, #3182CE);}.kt-info-box504_d682ac-fd .kt-infobox-textcontent div.kt-blocks-info-box-title{color:var(--global-palette1, #3182CE);font-size:16px;line-height:1.2;text-transform:uppercase;font-weight:700;padding-top:0px;padding-right:0px;padding-bottom:0px;padding-left:0px;margin-top:5px;margin-right:0px;margin-bottom:10px;margin-left:0px;}.kt-info-box504_d682ac-fd .kt-infobox-textcontent .kt-blocks-info-box-text{color:var(--global-palette7, #EDF2F7);}.wp-block-kadence-infobox.kt-info-box504_d682ac-fd .kt-blocks-info-box-text{margin-top:10px;margin-right:0px;margin-bottom:0px;margin-left:0px;}.kt-info-box504_d682ac-fd .kt-blocks-info-box-learnmore{background:transparent;border-width:0px 0px 0px 0px;padding-top:4px;padding-right:8px;padding-bottom:4px;padding-left:8px;margin-top:10px;margin-right:0px;margin-bottom:10px;margin-left:0px;}@media all and (max-width: 1024px){.kt-info-box504_d682ac-fd .kt-blocks-info-box-link-wrap{border-top:0px solid transparent;border-right:0px solid transparent;border-bottom:0px solid transparent;border-left:0px solid transparent;}}@media all and (max-width: 1024px){.kt-info-box504_d682ac-fd .kt-blocks-info-box-link-wrap:hover{border-top:0px solid transparent;border-right:0px solid transparent;border-bottom:0px solid transparent;border-left:0px solid transparent;}}@media all and (max-width: 767px){.kt-info-box504_d682ac-fd .kt-blocks-info-box-link-wrap{border-top:0px solid transparent;border-right:0px solid transparent;border-bottom:0px solid transparent;border-left:0px solid transparent;}.kt-info-box504_d682ac-fd .kt-blocks-info-box-link-wrap:hover{border-top:0px solid transparent;border-right:0px solid transparent;border-bottom:0px solid transparent;border-left:0px solid transparent;}}<\/style>\n<div class=\"wp-block-kadence-infobox kt-info-box504_d682ac-fd\"><a class=\"kt-blocks-info-box-link-wrap info-box-link kt-blocks-info-box-media-align-left kt-info-halign-left kb-info-box-vertical-media-align-top\" href=\"https:\/\/recenzije.skeniraj.com\/sajt\"><div class=\"kt-blocks-info-box-media-container\"><div class=\"kt-blocks-info-box-media kt-info-media-animate-none\"><div class=\"kadence-info-box-icon-container kt-info-icon-animate-none\"><div class=\"kadence-info-box-icon-inner-container\"><span class=\"kb-svg-icon-wrap kb-svg-icon-fa_google kt-info-svg-icon\"><svg viewBox=\"0 0 488 512\"  fill=\"currentColor\" xmlns=\"http:\/\/www.w3.org\/2000\/svg\"  aria-hidden=\"true\"><path d=\"M488 261.8C488 403.3 391.1 504 248 504 110.8 504 0 393.2 0 256S110.8 8 248 8c66.8 0 123 24.5 166.3 64.9l-67.5 64.9C258.5 52.6 94.3 116.6 94.3 256c0 86.5 69.1 156.6 153.7 156.6 98.2 0 135-70.4 140.8-106.9H248v-85.3h236.1c2.3 12.7 3.9 24.9 3.9 41.4z\"\/><\/svg><\/span><\/div><\/div><\/div><\/div><div class=\"kt-infobox-textcontent\"><div class=\"kt-blocks-info-box-title\">Google recenzije<\/div><p class=\"kt-blocks-info-box-text\">Pogledajte primer na\u0161e aplikacije.<\/p><\/div><\/a><\/div>\n<\/div><\/div>\n\n\n<style>.kadence-column504_c14570-6a > .kt-inside-inner-col,.kadence-column504_c14570-6a > .kt-inside-inner-col:before{border-top-left-radius:0px;border-top-right-radius:0px;border-bottom-right-radius:0px;border-bottom-left-radius:0px;}.kadence-column504_c14570-6a > .kt-inside-inner-col{column-gap:var(--global-kb-gap-sm, 1rem);}.kadence-column504_c14570-6a > .kt-inside-inner-col{flex-direction:column;}.kadence-column504_c14570-6a > .kt-inside-inner-col > .aligncenter{width:100%;}.kadence-column504_c14570-6a > .kt-inside-inner-col:before{opacity:0.3;}.kadence-column504_c14570-6a{position:relative;}@media all and (max-width: 1024px){.kadence-column504_c14570-6a > .kt-inside-inner-col{flex-direction:column;justify-content:center;}}@media all and (max-width: 767px){.kadence-column504_c14570-6a > .kt-inside-inner-col{flex-direction:column;justify-content:center;}}<\/style>\n<div class=\"wp-block-kadence-column kadence-column504_c14570-6a\"><div class=\"kt-inside-inner-col\"><style>.wp-block-kadence-column.kb-section-dir-horizontal > .kt-inside-inner-col > .kt-info-box504_ccc03b-ed .kt-blocks-info-box-link-wrap{max-width:unset;}.kt-info-box504_ccc03b-ed .kt-blocks-info-box-link-wrap{border-top:0px solid transparent;border-right:0px solid transparent;border-bottom:0px solid transparent;border-left:0px solid transparent;border-top-left-radius:12px;border-top-right-radius:12px;border-bottom-right-radius:12px;border-bottom-left-radius:12px;background:var(--global-palette3, #1A202C);padding-top:var(--global-kb-spacing-sm, 1.5rem);padding-right:var(--global-kb-spacing-sm, 1.5rem);padding-bottom:var(--global-kb-spacing-sm, 1.5rem);padding-left:var(--global-kb-spacing-sm, 1.5rem);}.kt-info-box504_ccc03b-ed .kt-blocks-info-box-link-wrap:hover{border-top:0px solid transparent;border-right:0px solid transparent;border-bottom:0px solid transparent;border-left:0px solid transparent;background:var(--global-palette3, #1A202C);}.kt-info-box504_ccc03b-ed .kadence-info-box-icon-container .kt-info-svg-icon, .kt-info-box504_ccc03b-ed .kt-info-svg-icon-flip, .kt-info-box504_ccc03b-ed .kt-blocks-info-box-number{font-size:25px;}.kt-info-box504_ccc03b-ed .kt-blocks-info-box-media{color:var(--global-palette3, #1A202C);background:var(--global-palette1, #3182CE);border-radius:7px;overflow:hidden;border-top-width:0px;border-right-width:0px;border-bottom-width:0px;border-left-width:0px;padding-top:16px;padding-right:16px;padding-bottom:16px;padding-left:16px;margin-top:0px;margin-right:20px;margin-bottom:0px;margin-left:0px;}.kt-info-box504_ccc03b-ed .kt-blocks-info-box-media .kadence-info-box-image-intrisic img{border-radius:7px;}.kt-info-box504_ccc03b-ed .kt-blocks-info-box-link-wrap:hover .kt-blocks-info-box-media{color:var(--global-palette3, #1A202C);background:var(--global-palette1, #3182CE);}.kt-info-box504_ccc03b-ed .kt-infobox-textcontent div.kt-blocks-info-box-title{color:var(--global-palette1, #3182CE);font-size:16px;line-height:1.2;text-transform:uppercase;font-weight:700;padding-top:0px;padding-right:0px;padding-bottom:0px;padding-left:0px;margin-top:5px;margin-right:0px;margin-bottom:10px;margin-left:0px;}.kt-info-box504_ccc03b-ed .kt-infobox-textcontent .kt-blocks-info-box-text{color:var(--global-palette7, #EDF2F7);}.wp-block-kadence-infobox.kt-info-box504_ccc03b-ed .kt-blocks-info-box-text{margin-top:10px;margin-right:0px;margin-bottom:0px;margin-left:0px;}.kt-info-box504_ccc03b-ed .kt-blocks-info-box-learnmore{background:transparent;border-width:0px 0px 0px 0px;padding-top:4px;padding-right:8px;padding-bottom:4px;padding-left:8px;margin-top:10px;margin-right:0px;margin-bottom:10px;margin-left:0px;}@media all and (max-width: 1024px){.kt-info-box504_ccc03b-ed .kt-blocks-info-box-link-wrap{border-top:0px solid transparent;border-right:0px solid transparent;border-bottom:0px solid transparent;border-left:0px solid transparent;}}@media all and (max-width: 1024px){.kt-info-box504_ccc03b-ed .kt-blocks-info-box-link-wrap:hover{border-top:0px solid transparent;border-right:0px solid transparent;border-bottom:0px solid transparent;border-left:0px solid transparent;}}@media all and (max-width: 767px){.kt-info-box504_ccc03b-ed .kt-blocks-info-box-link-wrap{border-top:0px solid transparent;border-right:0px solid transparent;border-bottom:0px solid transparent;border-left:0px solid transparent;}.kt-info-box504_ccc03b-ed .kt-blocks-info-box-link-wrap:hover{border-top:0px solid transparent;border-right:0px solid transparent;border-bottom:0px solid transparent;border-left:0px solid transparent;}}<\/style>\n<div class=\"wp-block-kadence-infobox kt-info-box504_ccc03b-ed\"><span class=\"kt-blocks-info-box-link-wrap info-box-link kt-blocks-info-box-media-align-left kt-info-halign-left kb-info-box-vertical-media-align-top\"><div class=\"kt-blocks-info-box-media-container\"><div class=\"kt-blocks-info-box-media kt-info-media-animate-none\"><div class=\"kadence-info-box-icon-container kt-info-icon-animate-none\"><div class=\"kadence-info-box-icon-inner-container\"><span class=\"kb-svg-icon-wrap kb-svg-icon-fe_trendingUp kt-info-svg-icon\"><svg viewBox=\"0 0 24 24\"  fill=\"none\" stroke=\"currentColor\" stroke-width=\"2\" stroke-linecap=\"round\" stroke-linejoin=\"round\" xmlns=\"http:\/\/www.w3.org\/2000\/svg\"  aria-hidden=\"true\"><polyline points=\"23 6 13.5 15.5 8.5 10.5 1 18\"\/><polyline points=\"17 6 23 6 23 12\"\/><\/svg><\/span><\/div><\/div><\/div><\/div><div class=\"kt-infobox-textcontent\"><div class=\"kt-blocks-info-box-title\">F.A.P.<\/div><p class=\"kt-blocks-info-box-text\">Web aplikacaija koja Vam poma\u017ee u vo\u0111enju finansija i magacina.<\/p><\/div><\/span><\/div>\n<\/div><\/div>\n\n\n<style>.kadence-column504_a0161f-03 > .kt-inside-inner-col,.kadence-column504_a0161f-03 > .kt-inside-inner-col:before{border-top-left-radius:0px;border-top-right-radius:0px;border-bottom-right-radius:0px;border-bottom-left-radius:0px;}.kadence-column504_a0161f-03 > .kt-inside-inner-col{column-gap:var(--global-kb-gap-sm, 1rem);}.kadence-column504_a0161f-03 > .kt-inside-inner-col{flex-direction:column;}.kadence-column504_a0161f-03 > .kt-inside-inner-col > .aligncenter{width:100%;}.kadence-column504_a0161f-03 > .kt-inside-inner-col:before{opacity:0.3;}.kadence-column504_a0161f-03{position:relative;}@media all and (max-width: 1024px){.kadence-column504_a0161f-03 > .kt-inside-inner-col{flex-direction:column;justify-content:center;}}@media all and (max-width: 767px){.kadence-column504_a0161f-03 > .kt-inside-inner-col{flex-direction:column;justify-content:center;}}<\/style>\n<div class=\"wp-block-kadence-column kadence-column504_a0161f-03\"><div class=\"kt-inside-inner-col\"><style>.wp-block-kadence-column.kb-section-dir-horizontal > .kt-inside-inner-col > .kt-info-box504_1824a7-4f .kt-blocks-info-box-link-wrap{max-width:unset;}.kt-info-box504_1824a7-4f .kt-blocks-info-box-link-wrap{border-top:0px solid transparent;border-right:0px solid transparent;border-bottom:0px solid transparent;border-left:0px solid transparent;border-top-left-radius:12px;border-top-right-radius:12px;border-bottom-right-radius:12px;border-bottom-left-radius:12px;background:var(--global-palette3, #1A202C);padding-top:var(--global-kb-spacing-sm, 1.5rem);padding-right:var(--global-kb-spacing-sm, 1.5rem);padding-bottom:var(--global-kb-spacing-sm, 1.5rem);padding-left:var(--global-kb-spacing-sm, 1.5rem);}.kt-info-box504_1824a7-4f .kt-blocks-info-box-link-wrap:hover{border-top:0px solid transparent;border-right:0px solid transparent;border-bottom:0px solid transparent;border-left:0px solid transparent;background:var(--global-palette3, #1A202C);}.kt-info-box504_1824a7-4f .kadence-info-box-icon-container .kt-info-svg-icon, .kt-info-box504_1824a7-4f .kt-info-svg-icon-flip, .kt-info-box504_1824a7-4f .kt-blocks-info-box-number{font-size:25px;}.kt-info-box504_1824a7-4f .kt-blocks-info-box-media{color:var(--global-palette3, #1A202C);background:var(--global-palette1, #3182CE);border-radius:7px;overflow:hidden;border-top-width:0px;border-right-width:0px;border-bottom-width:0px;border-left-width:0px;padding-top:16px;padding-right:16px;padding-bottom:16px;padding-left:16px;margin-top:0px;margin-right:20px;margin-bottom:0px;margin-left:0px;}.kt-info-box504_1824a7-4f .kt-blocks-info-box-media .kadence-info-box-image-intrisic img{border-radius:7px;}.kt-info-box504_1824a7-4f .kt-blocks-info-box-link-wrap:hover .kt-blocks-info-box-media{color:var(--global-palette3, #1A202C);background:var(--global-palette1, #3182CE);}.kt-info-box504_1824a7-4f .kt-infobox-textcontent div.kt-blocks-info-box-title{color:var(--global-palette1, #3182CE);font-size:16px;line-height:1.2;text-transform:uppercase;font-weight:700;padding-top:0px;padding-right:0px;padding-bottom:0px;padding-left:0px;margin-top:5px;margin-right:0px;margin-bottom:10px;margin-left:0px;}.kt-info-box504_1824a7-4f .kt-infobox-textcontent .kt-blocks-info-box-text{color:var(--global-palette7, #EDF2F7);}.wp-block-kadence-infobox.kt-info-box504_1824a7-4f .kt-blocks-info-box-text{margin-top:10px;margin-right:0px;margin-bottom:0px;margin-left:0px;}.kt-info-box504_1824a7-4f .kt-blocks-info-box-learnmore{background:transparent;border-width:0px 0px 0px 0px;padding-top:4px;padding-right:8px;padding-bottom:4px;padding-left:8px;margin-top:10px;margin-right:0px;margin-bottom:10px;margin-left:0px;}@media all and (max-width: 1024px){.kt-info-box504_1824a7-4f .kt-blocks-info-box-link-wrap{border-top:0px solid transparent;border-right:0px solid transparent;border-bottom:0px solid transparent;border-left:0px solid transparent;}}@media all and (max-width: 1024px){.kt-info-box504_1824a7-4f .kt-blocks-info-box-link-wrap:hover{border-top:0px solid transparent;border-right:0px solid transparent;border-bottom:0px solid transparent;border-left:0px solid transparent;}}@media all and (max-width: 767px){.kt-info-box504_1824a7-4f .kt-blocks-info-box-link-wrap{border-top:0px solid transparent;border-right:0px solid transparent;border-bottom:0px solid transparent;border-left:0px solid transparent;}.kt-info-box504_1824a7-4f .kt-blocks-info-box-link-wrap:hover{border-top:0px solid transparent;border-right:0px solid transparent;border-bottom:0px solid transparent;border-left:0px solid transparent;}}<\/style>\n<div class=\"wp-block-kadence-infobox kt-info-box504_1824a7-4f\"><span class=\"kt-blocks-info-box-link-wrap info-box-link kt-blocks-info-box-media-align-left kt-info-halign-left kb-info-box-vertical-media-align-top\"><div class=\"kt-blocks-info-box-media-container\"><div class=\"kt-blocks-info-box-media kt-info-media-animate-none\"><div class=\"kadence-info-box-icon-container kt-info-icon-animate-none\"><div class=\"kadence-info-box-icon-inner-container\"><span class=\"kb-svg-icon-wrap kb-svg-icon-fe_map kt-info-svg-icon\"><svg viewBox=\"0 0 24 24\"  fill=\"none\" stroke=\"currentColor\" stroke-width=\"2\" stroke-linecap=\"round\" stroke-linejoin=\"round\" xmlns=\"http:\/\/www.w3.org\/2000\/svg\"  aria-hidden=\"true\"><polygon points=\"1 6 1 22 8 18 16 22 23 18 23 2 16 6 8 2 1 6\"\/><line x1=\"8\" y1=\"2\" x2=\"8\" y2=\"18\"\/><line x1=\"16\" y1=\"6\" x2=\"16\" y2=\"22\"\/><\/svg><\/span><\/div><\/div><\/div><\/div><div class=\"kt-infobox-textcontent\"><div class=\"kt-blocks-info-box-title\">It consulting<\/div><p class=\"kt-blocks-info-box-text\">Instalacija wifi, vpn, radite od ku\u0107e kao da ste u kancelariji.<\/p><\/div><\/span><\/div>\n<\/div><\/div>\n\n<\/div><\/div><\/div><\/div>\n\n<\/div><\/div>","protected":false},"excerpt":{"rendered":"<p>Optimizujte poslovanje Sa na\u0161im proizvodima zna\u010dajno ubrzavate i pojednostavljujete svakodnevne rutine Kori\u0161\u0107enje na\u0161ih aplikacija je jednostavno i intuitivno.<\/p>","protected":false},"author":1,"featured_media":0,"parent":0,"menu_order":0,"comment_status":"closed","ping_status":"closed","template":"","meta":{"_kadence_starter_templates_imported_post":false,"_kad_post_transparent":"","_kad_post_title":"","_kad_post_layout":"","_kad_post_sidebar_id":"","_kad_post_content_style":"","_kad_post_vertical_padding":"","_kad_post_feature":"","_kad_post_feature_position":"","_kad_post_header":false,"_kad_post_footer":false,"_kad_post_classname":"","footnotes":""},"class_list":["post-504","page","type-page","status-publish","hentry"],"_links":{"self":[{"href":"https:\/\/skeniraj.com\/en\/wp-json\/wp\/v2\/pages\/504","targetHints":{"allow":["GET"]}}],"collection":[{"href":"https:\/\/skeniraj.com\/en\/wp-json\/wp\/v2\/pages"}],"about":[{"href":"https:\/\/skeniraj.com\/en\/wp-json\/wp\/v2\/types\/page"}],"author":[{"embeddable":true,"href":"https:\/\/skeniraj.com\/en\/wp-json\/wp\/v2\/users\/1"}],"replies":[{"embeddable":true,"href":"https:\/\/skeniraj.com\/en\/wp-json\/wp\/v2\/comments?post=504"}],"version-history":[{"count":4,"href":"https:\/\/skeniraj.com\/en\/wp-json\/wp\/v2\/pages\/504\/revisions"}],"predecessor-version":[{"id":578,"href":"https:\/\/skeniraj.com\/en\/wp-json\/wp\/v2\/pages\/504\/revisions\/578"}],"wp:attachment":[{"href":"https:\/\/skeniraj.com\/en\/wp-json\/wp\/v2\/media?parent=504"}],"curies":[{"name":"wp","href":"https:\/\/api.w.org\/{rel}","templated":true}]}}